{"id":892,"date":"2025-05-13T13:23:02","date_gmt":"2025-05-13T13:23:02","guid":{"rendered":"https:\/\/craiovaintencity.ro\/?page_id=892"},"modified":"2025-05-14T15:18:06","modified_gmt":"2025-05-14T15:18:06","slug":"app-gdpr","status":"publish","type":"page","link":"https:\/\/craiovaintencity.ro\/en\/app-gdpr\/","title":{"rendered":"GDPR"},"content":{"rendered":"<div data-elementor-type=\"wp-page\" data-elementor-id=\"892\" class=\"elementor elementor-892\">\n\t\t\t\t\t\t<section class=\"elementor-section elementor-top-section elementor-element elementor-element-1adc908 elementor-section-boxed elementor-section-height-default elementor-section-height-default sc_fly_static\" data-id=\"1adc908\" data-element_type=\"section\">\n\t\t\t\t\t\t<div class=\"elementor-container elementor-column-gap-extended\">\n\t\t\t\t\t<div class=\"elementor-column elementor-col-100 elementor-top-column elementor-element elementor-element-540fda2 sc_content_align_inherit sc_layouts_column_icons_position_left sc_fly_static\" data-id=\"540fda2\" data-element_type=\"column\">\n\t\t\t<div class=\"elementor-widget-wrap elementor-element-populated\">\n\t\t\t\t\t\t<div class=\"elementor-element elementor-element-4a4fc95 sc_fly_static elementor-widget elementor-widget-text-editor\" data-id=\"4a4fc95\" data-element_type=\"widget\" data-widget_type=\"text-editor.default\">\n\t\t\t\t<div class=\"elementor-widget-container\">\n\t\t\t\t\t\t\t\t\t<p>ACEST ACORD DE CONFIDENTIALITATE SE APLICA FURNIZARII SERVICIILOR INTENCITY FESTIVAL PRIN INTERMEDIUL SITE-ULUI SI APLICATIEI INDIFERENT DE MODUL DE ACCESARE SAU UTILIZARE A ACESTORA, INCLUSIV PRIN INTERMEDIUL DISPOZITIVELOR MOBILE.<\/p><p>Confiden\u021bialitatea datelor este de o importan\u021b\u0103 deosebit\u0103 pentru\u00a0<strong>CRAIOVAINTENCITY.RO\u00a0<\/strong>\u0219i dorim s\u0103 fim deschi\u0219i \u0219i transparen\u021bi \u00een privin\u021ba prelucr\u0103rii datelor cu caracter personal. Prin urmare, avem o politic\u0103 \u00een care este definit modul de prelucrare \u0219i de protejare a datele dumneavoastr\u0103 cu caracter personal.<\/p><p><strong>\u00a0\u00a0\u00a0\u00a0\u00a0\u00a0\u00a0\u00a0\u00a0\u00a0\u00a0 DEFINITII ALE TERMENILOR<\/strong><\/p><p><strong>\u00a0\u00a0\u00a0\u00a0\u00a0\u00a0\u00a0\u00a0\u00a0\u00a0\u00a0 ,,CRAIOVAINTENCITY.RO\u201d,\u00a0<\/strong>este un site ce apartine Opera Romana Craiova, societate cu raspundere limitata, infiintata potrivit reglementarilor legale din Romania.<\/p><p>\u00a0\u00a0\u00a0\u00a0\u00a0\u00a0\u00a0\u00a0\u00a0\u00a0\u00a0 In desfasurarea activitatii, atat CRAIOVAINTENCITY.RO cat si OPERA ROMANA CRAIOVA colaboreaza cu alte societati partenere, entitati de sine statatoare, cu propria politica GDPR.<\/p><p>\u00a0\u00a0\u00a0\u00a0\u00a0\u00a0\u00a0\u00a0\u00a0\u00a0\u00a0\u00a0<strong>iTicket Online\u00a0S.R.L. <\/strong>este o societate infiintata potrivit reglementarilor legale din Romania, societate prin intermediul careia se vand bilete pentru IntenCity Festival. \u00a0\u00a0\u00a0\u00a0\u00a0\u00a0\u00a0\u00a0\u00a0\u00a0\u00a0\u00a0<\/p><p><strong>iTicket Online\u00a0S.R.L. <\/strong>este o societate de sine statatoare, cu propria politica GDPR si pentru informatii detaliate puteti accesa\u00a0<a href=\"https:\/\/iticket.ro\/page\/privacy\">Politica de confiden\u021bialitate &#8211; iTicket<\/a><\/p><p>\u00a0\u00a0\u00a0\u00a0\u00a0\u00a0\u00a0\u00a0\u00a0\u00a0\u00a0 Potrivit Legii nr. 677\/2001 si a Regulamentului (UE) 679\/2016 (aplicabil in Romania din 25 mai 2018), OPERA ROMANA CRAIOVA este operator de date cu caracter personal.<strong>\u00a0\u00a0\u00a0\u00a0\u00a0\u00a0\u00a0\u00a0\u00a0<\/strong><\/p><p><strong>\u00a0\u00a0\u00a0\u00a0\u00a0\u00a0\u00a0\u00a0\u00a0\u00a0\u00a0 \u201eGDPR\u201d<\/strong>\u00a0reprezinta Regulamentul (UE) 679\/2016 privind protectia persoanelor fizice in ceea ce priveste prelucrarea datelor cu caracter personal si privind libera circulatie a acestor date si de abrogare a Directivei 95\/46\/CE.<\/p><p><strong>\u00a0\u00a0\u00a0\u00a0\u00a0\u00a0\u00a0\u00a0\u00a0\u00a0\u00a0 \u201eDate cu caracter personal\u201d<\/strong>\u00a0inseamna orice informatii privind o persoana fizica identificata sau identificabila (\u201epersoana vizata\u201d);<\/p><p>\u00a0\u00a0\u00a0\u00a0\u00a0\u00a0\u00a0\u00a0\u00a0\u00a0\u00a0 O persoana fizica identificabila este o persoana care poate fi identificata, direct sau indirect, in special prin referire la un element de identificare, cum ar fi un nume, un numar de identificare, date de localizare, un identificator online, sau la unul sau mai multe elemente specifice, proprii identitatii sale fizice, fiziologice, genetice, psihice, economice, culturale sau sociale.<\/p><p><strong>\u00a0\u00a0\u00a0\u00a0\u00a0\u00a0\u00a0\u00a0\u00a0\u00a0\u00a0 Cine este operatorul datelor cu caracter personal?<\/strong><\/p><p><strong>\u00a0\u00a0\u00a0\u00a0\u00a0\u00a0\u00a0\u00a0\u00a0\u00a0\u00a0 OPERA ROMANA CRAIOVA<\/strong>\u00a0este operatorul datelor cu caracter personal pe care ni le transmite\u021bi \u0219i r\u0103spunde de datele dumneavoastr\u0103 cu caracter personal \u00een conformitate cu legisla\u021bia aplicabil\u0103 privind protec\u021bia datelor.\u00a0<\/p><p><strong>OPERA ROMANA CRAIOVA<\/strong>\u00a0\u2013 Mun. Craiova, Jud. Dolj, Str. Popoveni, nr. 3C, 200633 (Cl\u0103direa Business Center Sud).<\/p><p>\u00a0\u00a0\u00a0\u00a0\u00a0\u00a0\u00a0\u00a0\u00a0\u00a0\u00a0 E-mailul responsabilului cu protectia datelor:\u00a0<a href=\"mailto:operacraiova@yahoo.com\">operacraiova@yahoo.com<\/a> \u00a0<\/p><p><strong>\u00a0\u00a0\u00a0\u00a0\u00a0\u00a0\u00a0\u00a0\u00a0\u00a0\u00a0 Cum v\u0103 stoc\u0103m datele?<\/strong><\/p><p>\u00a0\u00a0\u00a0\u00a0\u00a0\u00a0\u00a0\u00a0\u00a0\u00a0\u00a0 Va protejam informatiile personale folosind masuri de securitate tehnice si administrative pentru a reduce riscurile de pierdere, utilizare incorecta, acces neautorizat, dezvaluire si modificare. Ca parte a angajamentului nostru continuu fata de securitatea datelor, IntenCity Festival va:<\/p><ul><li>curata, sterge sau distruge datele in format electronic sau pe hartie, dupa ce nu mai este nevoie de ele<\/li><li>efectua periodic evaluari ale riscurilor pentru toate sistemele informatice<\/li><li>inventaria si gestiona sistemele informatice pe tot parcursul ciclului lor de viata<\/li><li>instrui personalul in materie securitate a datelor<\/li><li>acorda drepturi de acces in functie de responsabilitatile de serviciu<\/li><li>asigura ca furnizorii de servicii terti au acorduri de securitate si de confidentialitate a datelor personale adecvate<\/li><li>utiliza solutii de securitate pentru sistemele informatice pentru a le proteja impotriva atacurilor de tip malware sau virus<\/li><li>pastra copii de rezerva ale sistemelor de informatii critice pentru a evita pierderea datelor<\/li><li>aplica regulat patch-uri de securitate pentru a proteja sistemul impotriva vulnerabilitatilor<\/li><li>raspunde incidentelor de securitate intr-o maniera consecventa si in timp util<\/li><li>monitoriza traficul de retea pentru activitati daunatoare sau suspecte, pentru a identifica rapid si a raspunde la amenint\u0103ri<\/li><\/ul><p><strong>\u00a0\u00a0\u00a0\u00a0\u00a0\u00a0\u00a0\u00a0\u00a0\u00a0\u00a0 Cine are acces la datele dumneavoastr\u0103?\u00a0<\/strong><\/p><p>\u00a0\u00a0\u00a0\u00a0\u00a0\u00a0\u00a0\u00a0\u00a0\u00a0\u00a0 Nu transmitem, nu vindem \u0219i nu ced\u0103m ter\u021bilor datele dumneavoastr\u0103 \u00een scopuri de marketing.<\/p><p>Stoc\u0103m datele dvs. personale pe serverele situate \u00een Rom\u00e2nia, dar putem stoca astfel de date pe platformele cloud operate de furnizorii de servicii cloud din Uniunea European\u0103. Putem transmite, de asemenea, date c\u0103tre colaboratori pentru a atinge scopurile descrise mai sus, dar numai \u00een baza unui angajament de confiden\u021bialitate din partea lor, asigur\u00e2ndu-se c\u0103 aceste date sunt p\u0103strate \u00een siguran\u021b\u0103 \u0219i c\u0103 furnizarea acestora este f\u0103cut\u0103 \u00een conformitate cu legisla\u021bia \u00een vigoare (furnizorii de servicii de marketing, servicii de curierat, servicii de plat\u0103, servicii bancare, telemarketing sau alte servicii, asigur\u0103tori.<\/p><p>Vom transmite date precum numele, adresa de e-mail \u0219i num\u0103rul de telefon c\u0103tre <strong>iTicket Online\u00a0S.R.L. <\/strong>\u00een scopuri de facturare.<\/p><p>Vom transmite datele necesare pentru a asigura accesul la IntenCity Festival partenerului nostru responsabil pentru furnizarea accesului \u00een incinta festivalului. Acest partener va \u0219terge datele \u00een 72 de ore de la \u00eenchiderea Festivalului.<\/p><p>Putem trimite datele personale c\u0103tre autorit\u0103\u021bile publice \u00een conformitate cu legea. De asemenea, datele pot fi transmise contabililor, auditorilor, avoca\u021bilor \u0219i altor operatori care ac\u021bioneaz\u0103 \u00een calitate de consilieri externi si putem dezv\u0103lui aceste date ori de c\u00e2te ori legea impune acest lucru sau dac\u0103 este necesar pentru respectarea drepturilor prev\u0103zute de lege, pentru a lua m\u0103suri legale \u00eempotriva oric\u0103rei activit\u0103\u021bi ilegale.<\/p><p>Putem deci dezvalui asadar informatiile tale catre urmatoarele entitati:<\/p><ul><li>Institutii financiare<\/li><li>Furnizori de servicii tehnologice<\/li><li>Furnizori si colaboratori de servicii legate de transport si livrare<\/li><li>Furnizorii de servicii aferente serviciului clienti<\/li><li>Instante de judecata, parchete sau alte autoritati publice pentru a ne conforma legii sau drept raspuns la un procedura legala obligatorie (cum ar fi un mandat de perchezitie sau o hotarare judecatoreasca);<\/li><li>Altor parti cu consimtamantul sau la instructiunile tale.<\/li><\/ul><p>\u00a0In afara dezvaluirilor descrise in prezenta Politica de confidentialitate de confidentialitate, este posibil sa transmitem informatiile tertilor carora consimti sau soliciti sa efectuam o asemenea dezvaluire.<\/p><p><strong>\u00a0\u00a0\u00a0\u00a0\u00a0\u00a0\u00a0\u00a0\u00a0\u00a0\u00a0 Transferam date catre state terte?<\/strong><\/p><p>\u00a0\u00a0\u00a0\u00a0\u00a0\u00a0\u00a0\u00a0\u00a0\u00a0\u00a0 In prezent, nu transferam datele tale catre state din afara Uniunii Europene. Daca vom schimba politica, te vom informa in mod corespunzator, iti vom prezenta garantiile aferente si iti vom solicita consimtamantul.<\/p><p><strong>\u00a0\u00a0\u00a0\u00a0\u00a0\u00a0\u00a0\u00a0\u00a0\u00a0\u00a0 Care este temeiul legal pentru prelucrare?\u00a0<\/strong><\/p><p><strong>\u00a0\u00a0\u00a0\u00a0\u00a0\u00a0\u00a0\u00a0\u00a0\u00a0\u00a0\u00a0<\/strong>In privinta datelor pe care ni le oferi prin completare formularelor noastre\u00a0 sau prin contactarea noastra prin telefon, e-mail sau cand comunici cu noi prin orice mod, ne dai in mod voluntar informatiile pe care le prelucram, iar temeiul legal este \u201eluarea unor masuri la cererea persoanei vizate inaintea incheierii unui contract\u201d (art. 5 alin. 2 lit. (a) din Legea nr. 677\/2001) si \u201epentru a face demersuri la cererea persoanei vizate inainte de incheierea unui contract\u201d (art. 6 alin. (1) lit. b din Regulamentul (UE) 679\/2016).<\/p><p>\u00a0\u00a0\u00a0\u00a0\u00a0\u00a0\u00a0\u00a0\u00a0\u00a0\u00a0 Atat potrivit legislatiei actuale, cat si potrivit GDPR (aplicabil din 25 mai 2018), consimtamantul tau nu este cerut in situatia in care prelucrarea este necesara pentru efectuarea de demersuri pentru incheierea unui contract, indeplinirea unei obligatii legale sau interesul legitim.<\/p><p>\u00a0\u00a0\u00a0\u00a0\u00a0\u00a0\u00a0\u00a0\u00a0\u00a0\u00a0 Prelucram datele dvs. cu caracter personal pentru a v\u0103 oferi o experien\u021b\u0103 personalizat\u0103 \u0219i relevant\u0103 cu referire la serviciile noastre, numai in situatia in care v-ati dat consimtamantul.<\/p><p><strong>\u00a0\u00a0\u00a0\u00a0\u00a0\u00a0\u00a0\u00a0\u00a0\u00a0\u00a0 In ce scopuri colectam datele?<\/strong><\/p><ul><li>pentru a va face cunoscute evenimentele organizate de societatea noastra<\/li><li>pentru achizitionarea de bilete la evenimentele organizate de societatea noastra<\/li><li>pentru a-ti raspunde la intrebari si solicitari;<\/li><li>pentru activitati de marketing, insa numai in situatia in care ti-ai dat consimtamantul in prealabil;<\/li><li>pentru a oferi si imbunatatii serviciile pe care le oferim;<\/li><\/ul><p>Retineti ca atunci cand va rugam sa completati datele personale pentru a va oferi acces la anumite functionalitati sau servicii, vom marca unele campuri ca fiind\u00a0<em>Obligatorii,\u00a0<\/em>deoarece acestea sunt informatii de care avem nevoie pentru a va furniza serviciul sau pentru a va oferi acces la functionalitatea respectiva. Va rugam sa retineti ca daca decideti sa nu ne furnizati aceste informatii, este posibil sa nu puteti finaliza inregistrarea dvs, ca utilizator.<em>\u00a0\u00a0<\/em><\/p><p>\u00a0<\/p><p><strong>Ce tipuri de date cu caracter personal colect\u0103m?\u00a0<\/strong><\/p><p>Vom prelucra urm\u0103toarele categorii de date cu caracter personal dac\u0103 alege\u021bi s\u0103 ni le furniza\u021bi: informa\u021bii de contact, cum ar fi nume, adres\u0103 de e-mail \u0219i num\u0103r de telefon. Parola pe care o utiliza\u021bi pentru a configura contul este criptat\u0103.<\/p><p>\u00a0\u00a0\u00a0\u00a0\u00a0\u00a0\u00a0\u00a0\u00a0\u00a0\u00a0 Vom prelucra urm\u0103toarele categorii de date cu caracter personal dac\u0103 faceti achizitie de pe site-ul nostru:<\/p><ul><li>istoricul comenzilor;<\/li><li>informa\u021biile de livrare;<\/li><li>istoricul pl\u0103\u021bilor.<\/li><\/ul><p>\u00a0\u00a0\u00a0\u00a0\u00a0\u00a0\u00a0\u00a0\u00a0\u00a0\u00a0 Informatiile personale sunt informatii referitoare la o persoana fizica identificata sau identificabila. O persoana fizica identificabila este cea care poate fi identificata, direct sau indirect, prin referire la un identificator, cum ar fi un nume, un numar de identificare, date despre locatie sau unul sau mai multi factori specifici fizic, fiziologic, genetic, identitate mentala, economica, culturala sau social\u0103 a acelei persoane fizice.\u00a0\u00a0\u00a0\u00a0\u00a0\u00a0\u00a0\u00a0\u00a0\u00a0\u00a0\u00a0\u00a0\u00a0\u00a0\u00a0\u00a0\u00a0\u00a0\u00a0\u00a0\u00a0\u00a0<\/p><p>Nu consideram ca informatiile personale includ informatii care au fost anonimizate sau pseudonimizate, astfel incat nu mai pot fi folosite pentru a identifica o anumita persoan\u0103 fizica.\u00a0\u00a0\u00a0\u00a0\u00a0\u00a0\u00a0<br \/>\u00a0\u00a0\u00a0\u00a0\u00a0\u00a0\u00a0\u00a0\u00a0\u00a0\u00a0 Colectam informatii personale de la dvs. cand utilizati Serviciile noastre.<\/p><p>Unele dintre aceste informatii personale sunt necesare pentru furnizarea in conditii optime a serviciilor noastre, cum ar fi o modalitate de a va identifica sau informatii privind cumpararea sau vanzarea necesare pentru incheierea unei tranzactii.<\/p><p>De asemenea, putem colecta informatii personale din alte surse, dupa cum este detaliat mai jos.<\/p><p>\u00a0\u00a0\u00a0\u00a0\u00a0\u00a0\u00a0\u00a0\u00a0\u00a0\u00a0 Informatiile personale pe care ni le furnizati atunci cand utilizati serviciile noastre:<\/p><ul><li>Informatii de identificare cum ar fi nume, telefon, adresa, adresa de e-mail;<\/li><\/ul><p>\u00a0\u00a0\u00a0\u00a0\u00a0\u00a0\u00a0\u00a0\u00a0\u00a0\u00a0 Informatiile personale pe care le colectam in mod automat atunci cand utilizati serviciile noastre sau va inregistrati un cont la noi.<\/p><ul><li>Informa\u021bii despre computer \u0219i conexiune, cum ar fi statisticile privind afisarile de pagina, traficul catre si de la site-uri, adresa URL de trimitere, adresa IP si istoricul de navigare.<\/li><\/ul><p>\u00a0\u00a0\u00a0\u00a0\u00a0\u00a0\u00a0\u00a0\u00a0\u00a0\u00a0 Informatii personale colectate din alte surse<\/p><ul><li>Social Media &#8211; Va permitem sa distribuiti informatii pe site-uri de socializare (ex: Facebook) sau sa utilizati site-uri de socializare pentru a va autentifica si crea un cont. Aceste site-uri ne pot oferi acces automat la anumite informatii personale pe care le pastreaz\u0103 despre dvs. (ex. adresa de e-mail). Prin asocierea unui cont administrat de un site de socializare cu contul dvs. \u0219i autorizandu-ne sa accesam aceste informatii, sunteti de acord ca putem colecta, utiliza \u0219i pastra informatiile furnizate in conformitate cu aceast acord de confiden\u021bialitate.<\/li><li>Daca ne furnizati informatii personale despre altcineva, trebuie sa faceti acest lucru numai cu acordul acelei persoane. Trebuie sa o informati cum colectam, folosim, dezvaluim si pastram informatiile personale in conformitate cu acest acord de confidentialitate.<\/li><li>Concursuri \/ Sondaje \/ Coresponden\u021b\u0103 \/ Formulare<\/li><li>IntenCity Feestival poate ob\u021bine informa\u021bii de la tine atunci c\u00e2nd participi la un concurs sau la o promo\u021bie pe site-ul web, pe aplica\u021bia mobil\u0103 sau pe pagina IntenCity Festival a uneia dintre retelele sociale (ex: Facebook, Instagram etc.). Participarea la sondaje este complet voluntar\u0103. Dac\u0103 ne contactezi pentru orice motiv (de exemplu, pentru a raporta o eroare pe site-ul Web), putem p\u0103stra o eviden\u021b\u0103 a acestei coresponden\u021be, corespondenta ce ar putea include date personale.<\/li><\/ul><p><strong>\u00a0\u00a0\u00a0\u00a0\u00a0\u00a0\u00a0\u00a0\u00a0\u00a0\u00a0\u00a0<\/strong>Informatiile personale pe care le colect\u0103m utilizand cookie-uri\/pixel<\/p><ol><li>Folosirea cookie-urilor<\/li><\/ol><p>\u00a0\u00a0\u00a0\u00a0\u00a0\u00a0\u00a0\u00a0\u00a0\u00a0\u00a0 Cookie-urile sunt mici fi\u015fiere de text ce pot fi utilizate de c\u0103tre site-urile web pentru a face utilizarea lor mai eficient\u0103. Legea stipuleaz\u0103 c\u0103 putem stoca cookie-uri pe dispozitivul dvs., \u00een cazul \u00een care ele sunt strict necesare pentru operarea acestui site. Pentru toate celelalte tipuri de cookie-uri avem nevoie de permisiunea dvs. Acest site utilizeaz\u0103 diferite tipuri de cookie-uri. Unele cookie-uri sunt plasate de c\u0103tre servicii p\u0103r\u0163i ter\u0163e care apar pe paginile noastre. Pute\u021bi, \u00een orice moment, s\u0103 modifica\u021bi sau s\u0103 v\u0103 retrage\u021bi acordul din Declara\u021bia privind modulele cookie de pe website-ul nostru.<\/p>\t\t\t\t\t\t\t\t<\/div>\n\t\t\t\t<\/div>\n\t\t\t\t\t<\/div>\n\t\t<\/div>\n\t\t\t\t\t<\/div>\n\t\t<\/section>\n\t\t\t\t<\/div>","protected":false},"excerpt":{"rendered":"<p>ACEST ACORD DE CONFIDENTIALITATE SE APLICA FURNIZARII SERVICIILOR INTENCITY FESTIVAL PRIN INTERMEDIUL SITE-ULUI SI APLICATIEI INDIFERENT DE MODUL DE ACCESARE SAU UTILIZARE A ACESTORA, INCLUSIV PRIN INTERMEDIUL DISPOZITIVELOR MOBILE. Confiden\u021bialitatea&hellip;<\/p>","protected":false},"author":2,"featured_media":0,"parent":0,"menu_order":0,"comment_status":"closed","ping_status":"closed","template":"","meta":{"footnotes":""},"class_list":["post-892","page","type-page","status-publish","hentry"],"_links":{"self":[{"href":"https:\/\/craiovaintencity.ro\/en\/wp-json\/wp\/v2\/pages\/892","targetHints":{"allow":["GET"]}}],"collection":[{"href":"https:\/\/craiovaintencity.ro\/en\/wp-json\/wp\/v2\/pages"}],"about":[{"href":"https:\/\/craiovaintencity.ro\/en\/wp-json\/wp\/v2\/types\/page"}],"author":[{"embeddable":true,"href":"https:\/\/craiovaintencity.ro\/en\/wp-json\/wp\/v2\/users\/2"}],"replies":[{"embeddable":true,"href":"https:\/\/craiovaintencity.ro\/en\/wp-json\/wp\/v2\/comments?post=892"}],"version-history":[{"count":4,"href":"https:\/\/craiovaintencity.ro\/en\/wp-json\/wp\/v2\/pages\/892\/revisions"}],"predecessor-version":[{"id":918,"href":"https:\/\/craiovaintencity.ro\/en\/wp-json\/wp\/v2\/pages\/892\/revisions\/918"}],"wp:attachment":[{"href":"https:\/\/craiovaintencity.ro\/en\/wp-json\/wp\/v2\/media?parent=892"}],"curies":[{"name":"wp","href":"https:\/\/api.w.org\/{rel}","templated":true}]}}