{"id":40,"date":"2022-03-06T21:07:47","date_gmt":"2022-03-06T21:07:47","guid":{"rendered":"https:\/\/craiovaintencity.ro\/about-us\/"},"modified":"2025-03-03T09:41:07","modified_gmt":"2025-03-03T09:41:07","slug":"story","status":"publish","type":"page","link":"https:\/\/craiovaintencity.ro\/en\/story\/","title":{"rendered":"ABOUT THE FESTIVAL"},"content":{"rendered":"<div data-elementor-type=\"wp-page\" data-elementor-id=\"40\" class=\"elementor elementor-40\">\n\t\t\t\t\t\t<section class=\"elementor-section elementor-top-section elementor-element elementor-element-535a2bd elementor-section-boxed elementor-section-height-default elementor-section-height-default sc_fly_static\" data-id=\"535a2bd\" data-element_type=\"section\" data-settings=\"{&quot;background_background&quot;:&quot;classic&quot;}\">\n\t\t\t\t\t\t<div class=\"elementor-container elementor-column-gap-extended\">\n\t\t\t\t\t<div class=\"elementor-column elementor-col-100 elementor-top-column elementor-element elementor-element-cc222f3 sc_content_align_inherit sc_layouts_column_icons_position_left sc_fly_static\" data-id=\"cc222f3\" data-element_type=\"column\">\n\t\t\t<div class=\"elementor-widget-wrap elementor-element-populated\">\n\t\t\t\t\t\t<div class=\"elementor-element elementor-element-bf37a64 sc_height_huge sc_fly_static elementor-widget elementor-widget-spacer\" data-id=\"bf37a64\" data-element_type=\"widget\" data-widget_type=\"spacer.default\">\n\t\t\t\t<div class=\"elementor-widget-container\">\n\t\t\t\t\t\t\t<div class=\"elementor-spacer\">\n\t\t\t<div class=\"elementor-spacer-inner\"><\/div>\n\t\t<\/div>\n\t\t\t\t\t\t<\/div>\n\t\t\t\t<\/div>\n\t\t\t\t<section class=\"elementor-section elementor-inner-section elementor-element elementor-element-104696c elementor-section-content-middle elementor-section-boxed elementor-section-height-default elementor-section-height-default sc_fly_static\" data-id=\"104696c\" data-element_type=\"section\">\n\t\t\t\t\t\t<div class=\"elementor-container elementor-column-gap-extended\">\n\t\t\t\t\t<div class=\"elementor-column elementor-col-50 elementor-inner-column elementor-element elementor-element-973d307 sc_content_align_inherit sc_layouts_column_icons_position_left sc_fly_static\" data-id=\"973d307\" data-element_type=\"column\">\n\t\t\t<div class=\"elementor-widget-wrap elementor-element-populated\">\n\t\t\t\t\t\t<div class=\"elementor-element elementor-element-f3b64ac sc_fly_static elementor-widget elementor-widget-image\" data-id=\"f3b64ac\" data-element_type=\"widget\" data-widget_type=\"image.default\">\n\t\t\t\t<div class=\"elementor-widget-container\">\n\t\t\t\t\t\t\t\t\t\t\t\t\t\t\t<img fetchpriority=\"high\" decoding=\"async\" width=\"616\" height=\"900\" src=\"https:\/\/craiovaintencity.ro\/wp-content\/uploads\/2025\/02\/story-intencity.jpg\" class=\"attachment-large size-large wp-image-259\" alt=\"\" srcset=\"https:\/\/craiovaintencity.ro\/wp-content\/uploads\/2025\/02\/story-intencity.jpg 616w, https:\/\/craiovaintencity.ro\/wp-content\/uploads\/2025\/02\/story-intencity-205x300.jpg 205w, https:\/\/craiovaintencity.ro\/wp-content\/uploads\/2025\/02\/story-intencity-370x541.jpg 370w, https:\/\/craiovaintencity.ro\/wp-content\/uploads\/2025\/02\/story-intencity-410x599.jpg 410w\" sizes=\"(max-width: 616px) 100vw, 616px\" \/>\t\t\t\t\t\t\t\t\t\t\t\t\t\t\t<\/div>\n\t\t\t\t<\/div>\n\t\t\t\t\t<\/div>\n\t\t<\/div>\n\t\t\t\t<div class=\"elementor-column elementor-col-50 elementor-inner-column elementor-element elementor-element-8ebe74c sc_content_align_inherit sc_layouts_column_icons_position_left sc_fly_static\" data-id=\"8ebe74c\" data-element_type=\"column\">\n\t\t\t<div class=\"elementor-widget-wrap elementor-element-populated\">\n\t\t\t\t\t\t<div class=\"elementor-element elementor-element-6c261b3 sc_fly_static elementor-widget elementor-widget-trx_sc_title\" data-id=\"6c261b3\" data-element_type=\"widget\" data-widget_type=\"trx_sc_title.default\">\n\t\t\t\t<div class=\"elementor-widget-container\">\n\t\t\t\t\t<div\t\tclass=\"sc_title sc_title_default\" ><h1 class=\"sc_item_title sc_title_title sc_item_title_style_default sc_item_title_tag trx_addons_inline_1306347929\"\n\t\t\t><span class=\"sc_item_title_text\">ABOUT THE FESTIVAL<\/span><\/h1><\/div>\t\t\t\t<\/div>\n\t\t\t\t<\/div>\n\t\t\t\t<div class=\"elementor-element elementor-element-fcbcd23 sc_height_small sc_fly_static elementor-widget elementor-widget-spacer\" data-id=\"fcbcd23\" data-element_type=\"widget\" data-widget_type=\"spacer.default\">\n\t\t\t\t<div class=\"elementor-widget-container\">\n\t\t\t\t\t\t\t<div class=\"elementor-spacer\">\n\t\t\t<div class=\"elementor-spacer-inner\"><\/div>\n\t\t<\/div>\n\t\t\t\t\t\t<\/div>\n\t\t\t\t<\/div>\n\t\t\t\t<div class=\"elementor-element elementor-element-c7fb1bf sc_fly_static elementor-widget elementor-widget-text-editor\" data-id=\"c7fb1bf\" data-element_type=\"widget\" data-widget_type=\"text-editor.default\">\n\t\t\t\t<div class=\"elementor-widget-container\">\n\t\t\t\t\t\t\t\t\t<p>IntenCity is the first festival in Romania that brings together several emblematic music styles in one unique experience: Oldies, Latino, Pop, Hip Hop and Electronic Music. Come dance to the hits of yesterday, today and tomorrow!<\/p><p>Every summer, the Ion Oblemenco Stadium in Craiova transforms into the stage for the hottest music festival in the south of the country and an event you shouldn't miss! INTENCITY aims to become a tradition for the city of Craiova and brings together some of the biggest names in the global music industry, as well as established local artists.<\/p>\t\t\t\t\t\t\t\t<\/div>\n\t\t\t\t<\/div>\n\t\t\t\t<div class=\"elementor-element elementor-element-c4d4715 sc_height_small sc_fly_static elementor-widget elementor-widget-spacer\" data-id=\"c4d4715\" data-element_type=\"widget\" data-widget_type=\"spacer.default\">\n\t\t\t\t<div class=\"elementor-widget-container\">\n\t\t\t\t\t\t\t<div class=\"elementor-spacer\">\n\t\t\t<div class=\"elementor-spacer-inner\"><\/div>\n\t\t<\/div>\n\t\t\t\t\t\t<\/div>\n\t\t\t\t<\/div>\n\t\t\t\t<div class=\"elementor-element elementor-element-989aa41 sc_fly_static elementor-widget elementor-widget-trx_sc_button\" data-id=\"989aa41\" data-element_type=\"widget\" data-widget_type=\"trx_sc_button.default\">\n\t\t\t\t<div class=\"elementor-widget-container\">\n\t\t\t\t\t<div\tclass=\"sc_item_button sc_button_wrap\" ><a href=\"https:\/\/craiovaintencity.ro\/en\/tickets\/\" class=\"sc_button sc_button_default sc_button_size_normal sc_button_icon_left color_style_link2\" ><span class=\"sc_button_text\"><span class=\"sc_button_title\">TICKETS<\/span><\/span><\/a><\/div>\t\t\t\t<\/div>\n\t\t\t\t<\/div>\n\t\t\t\t\t<\/div>\n\t\t<\/div>\n\t\t\t\t\t<\/div>\n\t\t<\/section>\n\t\t\t\t<div class=\"elementor-element elementor-element-fc34bf3 sc_height_huge sc_fly_static elementor-widget elementor-widget-spacer\" data-id=\"fc34bf3\" data-element_type=\"widget\" data-widget_type=\"spacer.default\">\n\t\t\t\t<div class=\"elementor-widget-container\">\n\t\t\t\t\t\t\t<div class=\"elementor-spacer\">\n\t\t\t<div class=\"elementor-spacer-inner\"><\/div>\n\t\t<\/div>\n\t\t\t\t\t\t<\/div>\n\t\t\t\t<\/div>\n\t\t\t\t\t<\/div>\n\t\t<\/div>\n\t\t\t\t\t<\/div>\n\t\t<\/section>\n\t\t\t\t<section class=\"elementor-section elementor-top-section elementor-element elementor-element-e87552a scheme_default elementor-section-boxed elementor-section-height-default elementor-section-height-default sc_fly_static\" data-id=\"e87552a\" data-element_type=\"section\" data-settings=\"{&quot;background_background&quot;:&quot;classic&quot;}\">\n\t\t\t\t\t\t<div class=\"elementor-container elementor-column-gap-extended\">\n\t\t\t\t\t<div class=\"elementor-column elementor-col-100 elementor-top-column elementor-element elementor-element-b4c59cc sc_content_align_inherit sc_layouts_column_icons_position_left sc_fly_static\" data-id=\"b4c59cc\" data-element_type=\"column\">\n\t\t\t<div class=\"elementor-widget-wrap elementor-element-populated\">\n\t\t\t\t\t\t<div class=\"elementor-element elementor-element-cef58b2 sc_height_huge sc_fly_static elementor-widget elementor-widget-spacer\" data-id=\"cef58b2\" data-element_type=\"widget\" data-widget_type=\"spacer.default\">\n\t\t\t\t<div class=\"elementor-widget-container\">\n\t\t\t\t\t\t\t<div class=\"elementor-spacer\">\n\t\t\t<div class=\"elementor-spacer-inner\"><\/div>\n\t\t<\/div>\n\t\t\t\t\t\t<\/div>\n\t\t\t\t<\/div>\n\t\t\t\t\t<\/div>\n\t\t<\/div>\n\t\t\t\t\t<\/div>\n\t\t<\/section>\n\t\t\t\t<section class=\"elementor-section elementor-top-section elementor-element elementor-element-041cd99 elementor-section-content-middle scheme_default elementor-section-boxed elementor-section-height-default elementor-section-height-default sc_fly_static\" data-id=\"041cd99\" data-element_type=\"section\" data-settings=\"{&quot;background_background&quot;:&quot;classic&quot;}\">\n\t\t\t\t\t\t<div class=\"elementor-container elementor-column-gap-extended\">\n\t\t\t\t\t<div class=\"elementor-column elementor-col-50 elementor-top-column elementor-element elementor-element-1715fd5 sc_content_align_inherit sc_layouts_column_icons_position_left sc_fly_static\" data-id=\"1715fd5\" data-element_type=\"column\" data-settings=\"{&quot;background_background&quot;:&quot;classic&quot;}\">\n\t\t\t<div class=\"elementor-widget-wrap elementor-element-populated\">\n\t\t\t\t\t\t<div class=\"elementor-element elementor-element-22d87a9 sc_fly_static elementor-widget elementor-widget-image\" data-id=\"22d87a9\" data-element_type=\"widget\" data-widget_type=\"image.default\">\n\t\t\t\t<div class=\"elementor-widget-container\">\n\t\t\t\t\t\t\t\t\t\t\t\t\t\t\t<img decoding=\"async\" width=\"616\" height=\"900\" src=\"https:\/\/craiovaintencity.ro\/wp-content\/uploads\/2025\/02\/story-intencity2.jpg\" class=\"attachment-large size-large wp-image-264\" alt=\"\" srcset=\"https:\/\/craiovaintencity.ro\/wp-content\/uploads\/2025\/02\/story-intencity2.jpg 616w, https:\/\/craiovaintencity.ro\/wp-content\/uploads\/2025\/02\/story-intencity2-205x300.jpg 205w, https:\/\/craiovaintencity.ro\/wp-content\/uploads\/2025\/02\/story-intencity2-370x541.jpg 370w, https:\/\/craiovaintencity.ro\/wp-content\/uploads\/2025\/02\/story-intencity2-410x599.jpg 410w\" sizes=\"(max-width: 616px) 100vw, 616px\" \/>\t\t\t\t\t\t\t\t\t\t\t\t\t\t\t<\/div>\n\t\t\t\t<\/div>\n\t\t\t\t\t<\/div>\n\t\t<\/div>\n\t\t\t\t<div class=\"elementor-column elementor-col-50 elementor-top-column elementor-element elementor-element-d6b15ad sc_inner_width_1_2 sc-mobile_inner_width_none sc_content_align_inherit sc_layouts_column_icons_position_left sc_fly_static\" data-id=\"d6b15ad\" data-element_type=\"column\">\n\t\t\t<div class=\"elementor-widget-wrap elementor-element-populated\">\n\t\t\t\t\t\t<div class=\"elementor-element elementor-element-ecca1f6 sc_fly_static elementor-widget elementor-widget-trx_sc_title\" data-id=\"ecca1f6\" data-element_type=\"widget\" data-widget_type=\"trx_sc_title.default\">\n\t\t\t\t<div class=\"elementor-widget-container\">\n\t\t\t\t\t<div\t\tclass=\"sc_title sc_title_default\" ><h1 class=\"sc_item_title sc_title_title sc_item_title_style_default sc_item_title_tag trx_addons_inline_503196220\"\n\t\t\t><span class=\"sc_item_title_text\">Intencity festival<\/span><\/h1><\/div>\t\t\t\t<\/div>\n\t\t\t\t<\/div>\n\t\t\t\t<div class=\"elementor-element elementor-element-0fd4006 sc_fly_static elementor-widget elementor-widget-spacer\" data-id=\"0fd4006\" data-element_type=\"widget\" data-widget_type=\"spacer.default\">\n\t\t\t\t<div class=\"elementor-widget-container\">\n\t\t\t\t\t\t\t<div class=\"elementor-spacer\">\n\t\t\t<div class=\"elementor-spacer-inner\"><\/div>\n\t\t<\/div>\n\t\t\t\t\t\t<\/div>\n\t\t\t\t<\/div>\n\t\t\t\t<div class=\"elementor-element elementor-element-8c1f87f sc_fly_static elementor-widget elementor-widget-text-editor\" data-id=\"8c1f87f\" data-element_type=\"widget\" data-widget_type=\"text-editor.default\">\n\t\t\t\t<div class=\"elementor-widget-container\">\n\t\t\t\t\t\t\t\t\t<div class=\"wpb_text_column wpb_content_element\"><div class=\"wpb_wrapper\"><p>INTENCITY is not just about music. It explores new emotions and lives unique experiences, not only through the artists, but also through the avant-garde decor, the electrifying atmosphere, the high-quality sound and the show of lights, lasers and fire.<br \/>In addition to all this, the Activation Zone offers you a lot of activities, and the Food &amp; Drinks areas offer you a wide range of drinks and culinary delights. This way you will have the energy to enjoy the entire IntenCity experience to the fullest.<\/p><p>Through all these facilities, your experience at INTENCITY becomes a complete and memorable one.<br \/>INTENCITY is a true spectacle for all the senses.<\/p><p>Nu rata \u0219ansa de a fi parte din aceast\u0103 experien\u021b\u0103 unic\u0103 \u0219i de a tr\u0103i cel mai tare festival de muzic\u0103 din sudul \u021b\u0103rii! Vino s\u0103 dansezi pe hit-urile de ieri, de azi \u0219i de m\u00e2ine!<\/p><\/div><\/div>\t\t\t\t\t\t\t\t<\/div>\n\t\t\t\t<\/div>\n\t\t\t\t<div class=\"elementor-element elementor-element-f6d45d5 sc_fly_static elementor-widget elementor-widget-spacer\" data-id=\"f6d45d5\" data-element_type=\"widget\" data-widget_type=\"spacer.default\">\n\t\t\t\t<div class=\"elementor-widget-container\">\n\t\t\t\t\t\t\t<div class=\"elementor-spacer\">\n\t\t\t<div class=\"elementor-spacer-inner\"><\/div>\n\t\t<\/div>\n\t\t\t\t\t\t<\/div>\n\t\t\t\t<\/div>\n\t\t\t\t<div class=\"elementor-element elementor-element-a0bb000 sc_fly_static elementor-widget elementor-widget-trx_sc_button\" data-id=\"a0bb000\" data-element_type=\"widget\" data-widget_type=\"trx_sc_button.default\">\n\t\t\t\t<div class=\"elementor-widget-container\">\n\t\t\t\t\t<div\tclass=\"sc_item_button sc_button_wrap\" ><a href=\"https:\/\/craiovaintencity.ro\/en\/tickets\/\" class=\"sc_button sc_button_default sc_button_size_normal sc_button_icon_left\" ><span class=\"sc_button_text\"><span class=\"sc_button_title\">TICKETS<\/span><\/span><\/a><\/div>\t\t\t\t<\/div>\n\t\t\t\t<\/div>\n\t\t\t\t\t<\/div>\n\t\t<\/div>\n\t\t\t\t\t<\/div>\n\t\t<\/section>\n\t\t\t\t<section class=\"elementor-section elementor-top-section elementor-element elementor-element-e537e6b scheme_default elementor-section-boxed elementor-section-height-default elementor-section-height-default sc_fly_static\" data-id=\"e537e6b\" data-element_type=\"section\" data-settings=\"{&quot;background_background&quot;:&quot;classic&quot;}\">\n\t\t\t\t\t\t<div class=\"elementor-container elementor-column-gap-extended\">\n\t\t\t\t\t<div class=\"elementor-column elementor-col-100 elementor-top-column elementor-element elementor-element-3e4ea35 sc_content_align_inherit sc_layouts_column_icons_position_left sc_fly_static\" data-id=\"3e4ea35\" data-element_type=\"column\">\n\t\t\t<div class=\"elementor-widget-wrap elementor-element-populated\">\n\t\t\t\t\t\t<div class=\"elementor-element elementor-element-30dc35d sc_height_huge sc_fly_static elementor-widget elementor-widget-spacer\" data-id=\"30dc35d\" data-element_type=\"widget\" data-widget_type=\"spacer.default\">\n\t\t\t\t<div class=\"elementor-widget-container\">\n\t\t\t\t\t\t\t<div class=\"elementor-spacer\">\n\t\t\t<div class=\"elementor-spacer-inner\"><\/div>\n\t\t<\/div>\n\t\t\t\t\t\t<\/div>\n\t\t\t\t<\/div>\n\t\t\t\t\t<\/div>\n\t\t<\/div>\n\t\t\t\t\t<\/div>\n\t\t<\/section>\n\t\t\t\t<\/div>","protected":false},"excerpt":{"rendered":"<p>DESPRE FESTIVAL IntenCity este primul festival din Rom\u00e2nia care aduce \u00eempreun\u0103 mai multe stiluri emblematice de muzic\u0103 \u00eentr-o singur\u0103 experien\u021b\u0103 unic\u0103: Oldies, Latino, Pop, Hip Hop \u0219i Muzic\u0103 Electronic\u0103. Vino&hellip;<\/p>","protected":false},"author":1,"featured_media":0,"parent":0,"menu_order":0,"comment_status":"closed","ping_status":"closed","template":"","meta":{"footnotes":""},"class_list":["post-40","page","type-page","status-publish","hentry"],"_links":{"self":[{"href":"https:\/\/craiovaintencity.ro\/en\/wp-json\/wp\/v2\/pages\/40","targetHints":{"allow":["GET"]}}],"collection":[{"href":"https:\/\/craiovaintencity.ro\/en\/wp-json\/wp\/v2\/pages"}],"about":[{"href":"https:\/\/craiovaintencity.ro\/en\/wp-json\/wp\/v2\/types\/page"}],"author":[{"embeddable":true,"href":"https:\/\/craiovaintencity.ro\/en\/wp-json\/wp\/v2\/users\/1"}],"replies":[{"embeddable":true,"href":"https:\/\/craiovaintencity.ro\/en\/wp-json\/wp\/v2\/comments?post=40"}],"version-history":[{"count":26,"href":"https:\/\/craiovaintencity.ro\/en\/wp-json\/wp\/v2\/pages\/40\/revisions"}],"predecessor-version":[{"id":748,"href":"https:\/\/craiovaintencity.ro\/en\/wp-json\/wp\/v2\/pages\/40\/revisions\/748"}],"wp:attachment":[{"href":"https:\/\/craiovaintencity.ro\/en\/wp-json\/wp\/v2\/media?parent=40"}],"curies":[{"name":"wp","href":"https:\/\/api.w.org\/{rel}","templated":true}]}}